{"id":6119,"date":"2021-02-10T15:30:51","date_gmt":"2021-02-10T14:30:51","guid":{"rendered":"https:\/\/www.cirio1856.ch\/contatti\/"},"modified":"2022-07-15T12:28:46","modified_gmt":"2022-07-15T10:28:46","slug":"contatti","status":"publish","type":"page","link":"https:\/\/www.cirio1856.ch\/it\/contatti\/","title":{"rendered":"Contatti"},"content":{"rendered":"\n<div class=\"wp-block-columns is-layout-flex wp-container-core-columns-is-layout-9d6595d7 wp-block-columns-is-layout-flex\">\n<div class=\"wp-block-column is-layout-flow wp-block-column-is-layout-flow\" style=\"flex-basis:100%\">\n<div class=\"wp-block-columns is-layout-flex wp-container-core-columns-is-layout-9d6595d7 wp-block-columns-is-layout-flex\">\n<div class=\"wp-block-column is-layout-flow wp-block-column-is-layout-flow\" style=\"flex-basis:50%\">\n<h3 class=\"wp-block-heading\" id=\"conserves-france\"><strong>CONSERVE italia Swisse <\/strong><\/h3>\n\n\n\n<p>Vous trouverez toutes les informations sur Conserve Italia et ses autres marques gr\u00e2ce aux liens suivants&nbsp;:<\/p>\n\n\n\n<figure class=\"wp-block-image size-full is-style-default\"><img loading=\"lazy\" decoding=\"async\" width=\"960\" height=\"146\" src=\"https:\/\/www.cirio1856.ch\/wp-content\/uploads\/2022\/07\/Contatti-1.jpg\" alt=\"\" class=\"wp-image-6437\" srcset=\"https:\/\/www.cirio1856.ch\/wp-content\/uploads\/2022\/07\/Contatti-1.jpg 960w, https:\/\/www.cirio1856.ch\/wp-content\/uploads\/2022\/07\/Contatti-1-300x46.jpg 300w, https:\/\/www.cirio1856.ch\/wp-content\/uploads\/2022\/07\/Contatti-1-768x117.jpg 768w\" sizes=\"auto, (max-width: 960px) 100vw, 960px\" \/><\/figure>\n\n\n\n<div style=\"height:40px\" aria-hidden=\"true\" class=\"wp-block-spacer\"><\/div>\n\n\n\n<p>Granarolo Swisse SA<\/p>\n\n\n\n<p>Via Pianon 5, 6934 Bioggio, Svizzera<\/p>\n\n\n\n<p><strong>T\u00e9l\u00e9phone&nbsp;<\/strong>:&nbsp;&nbsp;+41 (0)91 6101850<\/p>\n\n\n\n<p class=\"has-small-font-size\"><\/p>\n\n\n\n<p class=\"has-small-font-size\"><strong>Non esitate a contattarci via e-mail a: <\/strong><\/p>\n\n\n\n<p><a href=\"mailto:infocom.cf@ccci.it\"><\/a><a href=\"mailto:info@granarolo.ch\">info@granarolo.ch<\/a>&nbsp;&nbsp;&nbsp;&nbsp;&nbsp;&nbsp;<\/p>\n\n\n\n<p class=\"has-small-font-size\"><\/p>\n<\/div>\n\n\n\n<div class=\"wp-block-column is-layout-flow wp-block-column-is-layout-flow\" style=\"flex-basis:50%\">\n<iframe src=\"https:\/\/www.google.com\/maps\/embed?pb=!1m18!1m12!1m3!1d2770.5209857048085!2d8.916973015820183!3d46.020752504154174!2m3!1f0!2f0!3f0!3m2!1i1024!2i768!4f13.1!3m3!1m2!1s0x4784339e40754a81%3A0x7740e067a1de33a4!2sGranarolo%20Suisse%20SA!5e0!3m2!1sit!2sit!4v1657698403578!5m2!1sit!2si\" style=\"border:0;width:100%\" allowfullscreen=\"\" loading=\"lazy\" height=\"450\"><\/iframe>\n<\/div>\n<\/div>\n<\/div>\n<\/div>\n\n\n\n<p><\/p>\n","protected":false},"excerpt":{"rendered":"<p>CONSERVE italia Swisse Vous trouverez toutes les informations sur Conserve Italia et ses autres marques gr\u00e2ce aux liens suivants&nbsp;: Granarolo Swisse SA Via Pianon 5, 6934 Bioggio, Svizzera T\u00e9l\u00e9phone&nbsp;:&nbsp;&nbsp;+41 (0)91 6101850 Non esitate a contattarci via e-mail a: info@granarolo.ch&nbsp;&nbsp;&nbsp;&nbsp;&nbsp;&nbsp;<\/p>\n","protected":false},"author":1,"featured_media":0,"parent":0,"menu_order":0,"comment_status":"closed","ping_status":"closed","template":"","meta":{"_acf_changed":false,"footnotes":""},"class_list":["post-6119","page","type-page","status-publish","hentry"],"acf":[],"yoast_head":"<!-- This site is optimized with the Yoast SEO plugin v25.6 - https:\/\/yoast.com\/wordpress\/plugins\/seo\/ -->\n<title>Contatti - Cirio 1856 Swiss<\/title>\n<meta name=\"robots\" content=\"index, follow, max-snippet:-1, max-image-preview:large, max-video-preview:-1\" \/>\n<link rel=\"canonical\" href=\"https:\/\/www.cirio1856.ch\/it\/contatti\/\" \/>\n<meta property=\"og:locale\" content=\"it_IT\" \/>\n<meta property=\"og:type\" content=\"article\" \/>\n<meta property=\"og:title\" content=\"Contatti - Cirio 1856 Swiss\" \/>\n<meta property=\"og:description\" content=\"CONSERVE italia Swisse Vous trouverez toutes les informations sur Conserve Italia et ses autres marques gr\u00e2ce aux liens suivants&nbsp;: Granarolo Swisse SA Via Pianon 5, 6934 Bioggio, Svizzera T\u00e9l\u00e9phone&nbsp;:&nbsp;&nbsp;+41 (0)91 6101850 Non esitate a contattarci via e-mail a: info@granarolo.ch&nbsp;&nbsp;&nbsp;&nbsp;&nbsp;&nbsp;\" \/>\n<meta property=\"og:url\" content=\"https:\/\/www.cirio1856.ch\/it\/contatti\/\" \/>\n<meta property=\"og:site_name\" content=\"Cirio 1856 Swiss\" \/>\n<meta property=\"article:modified_time\" content=\"2022-07-15T10:28:46+00:00\" \/>\n<meta property=\"og:image\" content=\"https:\/\/www.cirio1856.ch\/wp-content\/uploads\/2022\/07\/Contatti-1.jpg\" \/>\n<meta name=\"twitter:card\" content=\"summary_large_image\" \/>\n<meta name=\"twitter:label1\" content=\"Tempo di lettura stimato\" \/>\n\t<meta name=\"twitter:data1\" content=\"1 minuto\" \/>\n<script type=\"application\/ld+json\" class=\"yoast-schema-graph\">{\"@context\":\"https:\/\/schema.org\",\"@graph\":[{\"@type\":\"WebPage\",\"@id\":\"https:\/\/www.cirio1856.ch\/it\/contatti\/\",\"url\":\"https:\/\/www.cirio1856.ch\/it\/contatti\/\",\"name\":\"Contatti - Cirio 1856 Swiss\",\"isPartOf\":{\"@id\":\"https:\/\/www.cirio1856.ch\/it\/#website\"},\"primaryImageOfPage\":{\"@id\":\"https:\/\/www.cirio1856.ch\/it\/contatti\/#primaryimage\"},\"image\":{\"@id\":\"https:\/\/www.cirio1856.ch\/it\/contatti\/#primaryimage\"},\"thumbnailUrl\":\"https:\/\/www.cirio1856.ch\/wp-content\/uploads\/2022\/07\/Contatti-1.jpg\",\"datePublished\":\"2021-02-10T14:30:51+00:00\",\"dateModified\":\"2022-07-15T10:28:46+00:00\",\"breadcrumb\":{\"@id\":\"https:\/\/www.cirio1856.ch\/it\/contatti\/#breadcrumb\"},\"inLanguage\":\"it-IT\",\"potentialAction\":[{\"@type\":\"ReadAction\",\"target\":[\"https:\/\/www.cirio1856.ch\/it\/contatti\/\"]}]},{\"@type\":\"ImageObject\",\"inLanguage\":\"it-IT\",\"@id\":\"https:\/\/www.cirio1856.ch\/it\/contatti\/#primaryimage\",\"url\":\"https:\/\/www.cirio1856.ch\/wp-content\/uploads\/2022\/07\/Contatti-1.jpg\",\"contentUrl\":\"https:\/\/www.cirio1856.ch\/wp-content\/uploads\/2022\/07\/Contatti-1.jpg\"},{\"@type\":\"BreadcrumbList\",\"@id\":\"https:\/\/www.cirio1856.ch\/it\/contatti\/#breadcrumb\",\"itemListElement\":[{\"@type\":\"ListItem\",\"position\":1,\"name\":\"Cirio 1856\",\"item\":\"https:\/\/www.cirio1856.ch\/it\/home\/\"},{\"@type\":\"ListItem\",\"position\":2,\"name\":\"Contatti\"}]},{\"@type\":\"WebSite\",\"@id\":\"https:\/\/www.cirio1856.ch\/it\/#website\",\"url\":\"https:\/\/www.cirio1856.ch\/it\/\",\"name\":\"Cirio 1856 Swiss\",\"description\":\"Cirio 1856  Swiss official website\",\"publisher\":{\"@id\":\"https:\/\/www.cirio1856.ch\/it\/#organization\"},\"potentialAction\":[{\"@type\":\"SearchAction\",\"target\":{\"@type\":\"EntryPoint\",\"urlTemplate\":\"https:\/\/www.cirio1856.ch\/it\/?s={search_term_string}\"},\"query-input\":{\"@type\":\"PropertyValueSpecification\",\"valueRequired\":true,\"valueName\":\"search_term_string\"}}],\"inLanguage\":\"it-IT\"},{\"@type\":\"Organization\",\"@id\":\"https:\/\/www.cirio1856.ch\/it\/#organization\",\"name\":\"Cirio 1856 Swiss\",\"url\":\"https:\/\/www.cirio1856.ch\/it\/\",\"logo\":{\"@type\":\"ImageObject\",\"inLanguage\":\"it-IT\",\"@id\":\"https:\/\/www.cirio1856.ch\/it\/#\/schema\/logo\/image\/\",\"url\":\"https:\/\/www.cirio1856.ch\/wp-content\/uploads\/2021\/05\/cirio-new-logo.jpg\",\"contentUrl\":\"https:\/\/www.cirio1856.ch\/wp-content\/uploads\/2021\/05\/cirio-new-logo.jpg\",\"width\":1000,\"height\":1000,\"caption\":\"Cirio 1856 Swiss\"},\"image\":{\"@id\":\"https:\/\/www.cirio1856.ch\/it\/#\/schema\/logo\/image\/\"}}]}<\/script>\n<!-- \/ Yoast SEO plugin. -->","yoast_head_json":{"title":"Contatti - Cirio 1856 Swiss","robots":{"index":"index","follow":"follow","max-snippet":"max-snippet:-1","max-image-preview":"max-image-preview:large","max-video-preview":"max-video-preview:-1"},"canonical":"https:\/\/www.cirio1856.ch\/it\/contatti\/","og_locale":"it_IT","og_type":"article","og_title":"Contatti - Cirio 1856 Swiss","og_description":"CONSERVE italia Swisse Vous trouverez toutes les informations sur Conserve Italia et ses autres marques gr\u00e2ce aux liens suivants&nbsp;: Granarolo Swisse SA Via Pianon 5, 6934 Bioggio, Svizzera T\u00e9l\u00e9phone&nbsp;:&nbsp;&nbsp;+41 (0)91 6101850 Non esitate a contattarci via e-mail a: info@granarolo.ch&nbsp;&nbsp;&nbsp;&nbsp;&nbsp;&nbsp;","og_url":"https:\/\/www.cirio1856.ch\/it\/contatti\/","og_site_name":"Cirio 1856 Swiss","article_modified_time":"2022-07-15T10:28:46+00:00","og_image":[{"url":"https:\/\/www.cirio1856.ch\/wp-content\/uploads\/2022\/07\/Contatti-1.jpg","type":"","width":"","height":""}],"twitter_card":"summary_large_image","twitter_misc":{"Tempo di lettura stimato":"1 minuto"},"schema":{"@context":"https:\/\/schema.org","@graph":[{"@type":"WebPage","@id":"https:\/\/www.cirio1856.ch\/it\/contatti\/","url":"https:\/\/www.cirio1856.ch\/it\/contatti\/","name":"Contatti - Cirio 1856 Swiss","isPartOf":{"@id":"https:\/\/www.cirio1856.ch\/it\/#website"},"primaryImageOfPage":{"@id":"https:\/\/www.cirio1856.ch\/it\/contatti\/#primaryimage"},"image":{"@id":"https:\/\/www.cirio1856.ch\/it\/contatti\/#primaryimage"},"thumbnailUrl":"https:\/\/www.cirio1856.ch\/wp-content\/uploads\/2022\/07\/Contatti-1.jpg","datePublished":"2021-02-10T14:30:51+00:00","dateModified":"2022-07-15T10:28:46+00:00","breadcrumb":{"@id":"https:\/\/www.cirio1856.ch\/it\/contatti\/#breadcrumb"},"inLanguage":"it-IT","potentialAction":[{"@type":"ReadAction","target":["https:\/\/www.cirio1856.ch\/it\/contatti\/"]}]},{"@type":"ImageObject","inLanguage":"it-IT","@id":"https:\/\/www.cirio1856.ch\/it\/contatti\/#primaryimage","url":"https:\/\/www.cirio1856.ch\/wp-content\/uploads\/2022\/07\/Contatti-1.jpg","contentUrl":"https:\/\/www.cirio1856.ch\/wp-content\/uploads\/2022\/07\/Contatti-1.jpg"},{"@type":"BreadcrumbList","@id":"https:\/\/www.cirio1856.ch\/it\/contatti\/#breadcrumb","itemListElement":[{"@type":"ListItem","position":1,"name":"Cirio 1856","item":"https:\/\/www.cirio1856.ch\/it\/home\/"},{"@type":"ListItem","position":2,"name":"Contatti"}]},{"@type":"WebSite","@id":"https:\/\/www.cirio1856.ch\/it\/#website","url":"https:\/\/www.cirio1856.ch\/it\/","name":"Cirio 1856 Swiss","description":"Cirio 1856  Swiss official website","publisher":{"@id":"https:\/\/www.cirio1856.ch\/it\/#organization"},"potentialAction":[{"@type":"SearchAction","target":{"@type":"EntryPoint","urlTemplate":"https:\/\/www.cirio1856.ch\/it\/?s={search_term_string}"},"query-input":{"@type":"PropertyValueSpecification","valueRequired":true,"valueName":"search_term_string"}}],"inLanguage":"it-IT"},{"@type":"Organization","@id":"https:\/\/www.cirio1856.ch\/it\/#organization","name":"Cirio 1856 Swiss","url":"https:\/\/www.cirio1856.ch\/it\/","logo":{"@type":"ImageObject","inLanguage":"it-IT","@id":"https:\/\/www.cirio1856.ch\/it\/#\/schema\/logo\/image\/","url":"https:\/\/www.cirio1856.ch\/wp-content\/uploads\/2021\/05\/cirio-new-logo.jpg","contentUrl":"https:\/\/www.cirio1856.ch\/wp-content\/uploads\/2021\/05\/cirio-new-logo.jpg","width":1000,"height":1000,"caption":"Cirio 1856 Swiss"},"image":{"@id":"https:\/\/www.cirio1856.ch\/it\/#\/schema\/logo\/image\/"}}]}},"_links":{"self":[{"href":"https:\/\/www.cirio1856.ch\/it\/wp-json\/wp\/v2\/pages\/6119","targetHints":{"allow":["GET"]}}],"collection":[{"href":"https:\/\/www.cirio1856.ch\/it\/wp-json\/wp\/v2\/pages"}],"about":[{"href":"https:\/\/www.cirio1856.ch\/it\/wp-json\/wp\/v2\/types\/page"}],"author":[{"embeddable":true,"href":"https:\/\/www.cirio1856.ch\/it\/wp-json\/wp\/v2\/users\/1"}],"replies":[{"embeddable":true,"href":"https:\/\/www.cirio1856.ch\/it\/wp-json\/wp\/v2\/comments?post=6119"}],"version-history":[{"count":17,"href":"https:\/\/www.cirio1856.ch\/it\/wp-json\/wp\/v2\/pages\/6119\/revisions"}],"predecessor-version":[{"id":6629,"href":"https:\/\/www.cirio1856.ch\/it\/wp-json\/wp\/v2\/pages\/6119\/revisions\/6629"}],"wp:attachment":[{"href":"https:\/\/www.cirio1856.ch\/it\/wp-json\/wp\/v2\/media?parent=6119"}],"curies":[{"name":"wp","href":"https:\/\/api.w.org\/{rel}","templated":true}]}}