{"id":6121,"date":"2021-02-10T15:14:37","date_gmt":"2021-02-10T14:14:37","guid":{"rendered":"https:\/\/www.cirio1856.ch\/business\/food-service-garanzia-di-eccellenza\/"},"modified":"2022-06-07T11:10:44","modified_gmt":"2022-06-07T09:10:44","slug":"food-service-garanzia-di-eccellenza","status":"publish","type":"page","link":"https:\/\/www.cirio1856.ch\/it\/business\/food-service-garanzia-di-eccellenza\/","title":{"rendered":"FOOD SERVICE - garanzia di eccellenza"},"content":{"rendered":"\n<div class=\"wp-block-cover alignfull has-parallax\" style=\"background-image:url(https:\/\/www.cirio1856.ch\/wp-content\/uploads\/2021\/04\/cirio-professional-food.jpg)\"><div class=\"wp-block-cover__inner-container is-layout-flow wp-block-cover-is-layout-flow\">\n<p class=\"has-text-align-center has-large-font-size\"><\/p>\n<\/div><\/div>\n\n<div style=\"height:50px\" aria-hidden=\"true\" class=\"wp-block-spacer\"><\/div>\n\n<p>Cirio offre aux traiteurs professionnels une qualit\u00e9 sup\u00e9rieure et le m\u00eame niveau d'excellence qu'ils souhaitent fournir \u00e0 leurs clients. Cette excellence existe gr\u00e2ce \u00e0 plus de 14\u00a0000 agriculteurs italiens, qui consacrent leurs efforts et leur passion \u00e0 leur propre coop\u00e9rative, et gr\u00e2ce \u00e0 une exp\u00e9rience de plus de 165 ans dans cette industrie.<\/p>\n\n<p>QUALIT\u00c9 OPTIMALE POUR TOUS NOS INGR\u00c9DIENTS<\/p>\n\n<h6 class=\"wp-block-heading\">Une production int\u00e9gr\u00e9e certifi\u00e9e et une mise en conserve dans les 24 heures suivant la r\u00e9colte garantissent la saveur authentique des produits Cirio.<\/h6>\n\n<p><br\/><\/p>\n\n<p><\/p>\n\n<div style=\"height:50px\" aria-hidden=\"true\" class=\"wp-block-spacer\"><\/div>\n\n<div class=\"wp-block-columns is-layout-flex wp-container-core-columns-is-layout-9d6595d7 wp-block-columns-is-layout-flex\">\n<div class=\"wp-block-column is-layout-flow wp-block-column-is-layout-flow\" style=\"flex-basis:66.66%\">\n<h3 class=\"wp-block-heading\"><meta charset=\"utf-8\"\/>Notre secret ? <\/h3>\n<\/div>\n\n\n\n<div class=\"wp-block-column is-layout-flow wp-block-column-is-layout-flow\" style=\"flex-basis:33.33%\"><\/div>\n<\/div>\n\n<div class=\"wp-block-columns is-layout-flex wp-container-core-columns-is-layout-9d6595d7 wp-block-columns-is-layout-flex\">\n<div class=\"wp-block-column is-layout-flow wp-block-column-is-layout-flow\" style=\"flex-basis:66.66%\">\n<p>Notre secret ?<br\/>Il n\u2019y a jamais plus de 50 kilom\u00e8tres entre nos usines et nos champs. Cirio fournit le secteur de la restauration depuis des d\u00e9cennies, gr\u00e2ce \u00e0 sa qualit\u00e9 constante et l\u2019excellence du service de sa gamme sp\u00e9cialis\u00e9e.\u00a0Des milliers de clients choisissent chaque jour nos produits pour cr\u00e9er quelque chose d'unique et personnalis\u00e9, <strong>gr\u00e2ce aux diff\u00e9rents produits et formats disponibles dans notre gamme<\/strong>.<\/p>\n<\/div>\n\n\n\n<div class=\"wp-block-column is-layout-flow wp-block-column-is-layout-flow\" style=\"flex-basis:33.33%\"><\/div>\n<\/div>\n\n<div class=\"wp-block-columns is-layout-flex wp-container-core-columns-is-layout-9d6595d7 wp-block-columns-is-layout-flex\">\n<div class=\"wp-block-column is-layout-flow wp-block-column-is-layout-flow\" style=\"flex-basis:33.33%\">\n<figure class=\"wp-block-gallery columns-4 is-cropped wp-block-gallery-1 is-layout-flex wp-block-gallery-is-layout-flex\"><ul class=\"blocks-gallery-grid\"><li class=\"blocks-gallery-item\"><figure><img loading=\"lazy\" decoding=\"async\" width=\"498\" height=\"498\" src=\"https:\/\/www.cirio1856.ch\/wp-content\/uploads\/2021\/04\/cirio-from-seed-to-fork.png\" alt=\"\" data-id=\"887\" data-full-url=\"https:\/\/www.cirio1856.ch\/wp-content\/uploads\/2021\/04\/cirio-from-seed-to-fork.png\" data-link=\"https:\/\/www.cirio1856.ch\/business\/food-service\/cirio-from-seed-to-fork\/\" class=\"wp-image-887\" srcset=\"https:\/\/www.cirio1856.ch\/wp-content\/uploads\/2021\/04\/cirio-from-seed-to-fork.png 498w, https:\/\/www.cirio1856.ch\/wp-content\/uploads\/2021\/04\/cirio-from-seed-to-fork-300x300.png 300w, https:\/\/www.cirio1856.ch\/wp-content\/uploads\/2021\/04\/cirio-from-seed-to-fork-150x150.png 150w\" sizes=\"auto, (max-width: 498px) 100vw, 498px\" \/><\/figure><\/li><li class=\"blocks-gallery-item\"><figure><img loading=\"lazy\" decoding=\"async\" width=\"498\" height=\"498\" src=\"https:\/\/www.cirio1856.ch\/wp-content\/uploads\/2021\/04\/only-italian-tomato-cirio.png\" alt=\"\" data-id=\"885\" data-full-url=\"https:\/\/www.cirio1856.ch\/wp-content\/uploads\/2021\/04\/only-italian-tomato-cirio.png\" data-link=\"https:\/\/www.cirio1856.ch\/business\/food-service\/only-italian-tomato-cirio-2\/\" class=\"wp-image-885\" srcset=\"https:\/\/www.cirio1856.ch\/wp-content\/uploads\/2021\/04\/only-italian-tomato-cirio.png 498w, https:\/\/www.cirio1856.ch\/wp-content\/uploads\/2021\/04\/only-italian-tomato-cirio-300x300.png 300w, https:\/\/www.cirio1856.ch\/wp-content\/uploads\/2021\/04\/only-italian-tomato-cirio-150x150.png 150w\" sizes=\"auto, (max-width: 498px) 100vw, 498px\" \/><\/figure><\/li><li class=\"blocks-gallery-item\"><figure><img loading=\"lazy\" decoding=\"async\" width=\"500\" height=\"500\" src=\"https:\/\/www.cirio1856.ch\/wp-content\/uploads\/2021\/04\/cirio-process-from-fresh.png\" alt=\"\" data-id=\"884\" data-full-url=\"https:\/\/www.cirio1856.ch\/wp-content\/uploads\/2021\/04\/cirio-process-from-fresh.png\" data-link=\"https:\/\/www.cirio1856.ch\/business\/food-service\/cirio-process-from-fresh\/\" class=\"wp-image-884\" srcset=\"https:\/\/www.cirio1856.ch\/wp-content\/uploads\/2021\/04\/cirio-process-from-fresh.png 500w, https:\/\/www.cirio1856.ch\/wp-content\/uploads\/2021\/04\/cirio-process-from-fresh-300x300.png 300w, https:\/\/www.cirio1856.ch\/wp-content\/uploads\/2021\/04\/cirio-process-from-fresh-150x150.png 150w\" sizes=\"auto, (max-width: 500px) 100vw, 500px\" \/><\/figure><\/li><li class=\"blocks-gallery-item\"><figure><img loading=\"lazy\" decoding=\"async\" width=\"502\" height=\"502\" src=\"https:\/\/www.cirio1856.ch\/wp-content\/uploads\/2021\/04\/cirio-farmer-owned.png\" alt=\"\" data-id=\"883\" data-full-url=\"https:\/\/www.cirio1856.ch\/wp-content\/uploads\/2021\/04\/cirio-farmer-owned.png\" data-link=\"https:\/\/www.cirio1856.ch\/business\/food-service\/cirio-farmer-owned\/\" class=\"wp-image-883\" srcset=\"https:\/\/www.cirio1856.ch\/wp-content\/uploads\/2021\/04\/cirio-farmer-owned.png 502w, https:\/\/www.cirio1856.ch\/wp-content\/uploads\/2021\/04\/cirio-farmer-owned-300x300.png 300w, https:\/\/www.cirio1856.ch\/wp-content\/uploads\/2021\/04\/cirio-farmer-owned-150x150.png 150w\" sizes=\"auto, (max-width: 502px) 100vw, 502px\" \/><\/figure><\/li><\/ul><\/figure>\n<\/div>\n\n\n\n<div class=\"wp-block-column is-layout-flow wp-block-column-is-layout-flow\" style=\"flex-basis:66.66%\"><\/div>\n<\/div>\n\n<div class=\"wp-block-buttons is-layout-flex wp-block-buttons-is-layout-flex\">\n<div class=\"wp-block-button\"><a class=\"wp-block-button__link has-background\" href=\"https:\/\/www.cirio1856.ch\/business\/partnership\/\" style=\"background-color:#232e39\">Cirio's partnership<\/a><\/div>\n<\/div>\n","protected":false},"excerpt":{"rendered":"<p>Cirio offre aux traiteurs professionnels une qualit\u00e9 sup\u00e9rieure et le m\u00eame niveau d'excellence qu'ils souhaitent fournir \u00e0 leurs clients. Cette excellence existe gr\u00e2ce \u00e0 plus de 14\u00a0000 agriculteurs italiens, qui consacrent leurs efforts et leur passion \u00e0 leur propre coop\u00e9rative, et gr\u00e2ce \u00e0 une exp\u00e9rience de plus de 165 ans dans cette industrie. QUALIT\u00c9 OPTIMALE [&hellip;]<\/p>\n","protected":false},"author":1,"featured_media":0,"parent":6099,"menu_order":0,"comment_status":"closed","ping_status":"closed","template":"","meta":{"_acf_changed":false,"footnotes":""},"class_list":["post-6121","page","type-page","status-publish","hentry"],"acf":[],"yoast_head":"<!-- This site is optimized with the Yoast SEO plugin v25.6 - https:\/\/yoast.com\/wordpress\/plugins\/seo\/ -->\n<title>FOOD SERVICE - garanzia di eccellenza - Cirio 1856 Swiss<\/title>\n<meta name=\"robots\" content=\"index, follow, max-snippet:-1, max-image-preview:large, max-video-preview:-1\" \/>\n<link rel=\"canonical\" href=\"https:\/\/www.cirio1856.ch\/it\/business\/food-service-garanzia-di-eccellenza\/\" \/>\n<meta property=\"og:locale\" content=\"it_IT\" \/>\n<meta property=\"og:type\" content=\"article\" \/>\n<meta property=\"og:title\" content=\"FOOD SERVICE - garanzia di eccellenza - Cirio 1856 Swiss\" \/>\n<meta property=\"og:description\" content=\"Cirio offre aux traiteurs professionnels une qualit\u00e9 sup\u00e9rieure et le m\u00eame niveau d&#039;excellence qu&#039;ils souhaitent fournir \u00e0 leurs clients. Cette excellence existe gr\u00e2ce \u00e0 plus de 14\u00a0000 agriculteurs italiens, qui consacrent leurs efforts et leur passion \u00e0 leur propre coop\u00e9rative, et gr\u00e2ce \u00e0 une exp\u00e9rience de plus de 165 ans dans cette industrie. QUALIT\u00c9 OPTIMALE [&hellip;]\" \/>\n<meta property=\"og:url\" content=\"https:\/\/www.cirio1856.ch\/it\/business\/food-service-garanzia-di-eccellenza\/\" \/>\n<meta property=\"og:site_name\" content=\"Cirio 1856 Swiss\" \/>\n<meta property=\"article:modified_time\" content=\"2022-06-07T09:10:44+00:00\" \/>\n<meta property=\"og:image\" content=\"https:\/\/www.cirio1856.ch\/wp-content\/uploads\/2021\/04\/cirio-from-seed-to-fork.png\" \/>\n<meta name=\"twitter:card\" content=\"summary_large_image\" \/>\n<meta name=\"twitter:label1\" content=\"Tempo di lettura stimato\" \/>\n\t<meta name=\"twitter:data1\" content=\"1 minuto\" \/>\n<script type=\"application\/ld+json\" class=\"yoast-schema-graph\">{\"@context\":\"https:\/\/schema.org\",\"@graph\":[{\"@type\":\"WebPage\",\"@id\":\"https:\/\/www.cirio1856.ch\/it\/business\/food-service-garanzia-di-eccellenza\/\",\"url\":\"https:\/\/www.cirio1856.ch\/it\/business\/food-service-garanzia-di-eccellenza\/\",\"name\":\"FOOD SERVICE - garanzia di eccellenza - Cirio 1856 Swiss\",\"isPartOf\":{\"@id\":\"https:\/\/www.cirio1856.ch\/it\/#website\"},\"primaryImageOfPage\":{\"@id\":\"https:\/\/www.cirio1856.ch\/it\/business\/food-service-garanzia-di-eccellenza\/#primaryimage\"},\"image\":{\"@id\":\"https:\/\/www.cirio1856.ch\/it\/business\/food-service-garanzia-di-eccellenza\/#primaryimage\"},\"thumbnailUrl\":\"https:\/\/www.cirio1856.ch\/wp-content\/uploads\/2021\/04\/cirio-from-seed-to-fork.png\",\"datePublished\":\"2021-02-10T14:14:37+00:00\",\"dateModified\":\"2022-06-07T09:10:44+00:00\",\"breadcrumb\":{\"@id\":\"https:\/\/www.cirio1856.ch\/it\/business\/food-service-garanzia-di-eccellenza\/#breadcrumb\"},\"inLanguage\":\"it-IT\",\"potentialAction\":[{\"@type\":\"ReadAction\",\"target\":[\"https:\/\/www.cirio1856.ch\/it\/business\/food-service-garanzia-di-eccellenza\/\"]}]},{\"@type\":\"ImageObject\",\"inLanguage\":\"it-IT\",\"@id\":\"https:\/\/www.cirio1856.ch\/it\/business\/food-service-garanzia-di-eccellenza\/#primaryimage\",\"url\":\"https:\/\/www.cirio1856.ch\/wp-content\/uploads\/2021\/04\/cirio-from-seed-to-fork.png\",\"contentUrl\":\"https:\/\/www.cirio1856.ch\/wp-content\/uploads\/2021\/04\/cirio-from-seed-to-fork.png\"},{\"@type\":\"BreadcrumbList\",\"@id\":\"https:\/\/www.cirio1856.ch\/it\/business\/food-service-garanzia-di-eccellenza\/#breadcrumb\",\"itemListElement\":[{\"@type\":\"ListItem\",\"position\":1,\"name\":\"Cirio 1856\",\"item\":\"https:\/\/www.cirio1856.ch\/it\/home\/\"},{\"@type\":\"ListItem\",\"position\":2,\"name\":\"Business\",\"item\":\"https:\/\/www.cirio1856.ch\/it\/business\/\"},{\"@type\":\"ListItem\",\"position\":3,\"name\":\"FOOD SERVICE - garanzia di eccellenza\"}]},{\"@type\":\"WebSite\",\"@id\":\"https:\/\/www.cirio1856.ch\/it\/#website\",\"url\":\"https:\/\/www.cirio1856.ch\/it\/\",\"name\":\"Cirio 1856 Swiss\",\"description\":\"Cirio 1856  Swiss official website\",\"publisher\":{\"@id\":\"https:\/\/www.cirio1856.ch\/it\/#organization\"},\"potentialAction\":[{\"@type\":\"SearchAction\",\"target\":{\"@type\":\"EntryPoint\",\"urlTemplate\":\"https:\/\/www.cirio1856.ch\/it\/?s={search_term_string}\"},\"query-input\":{\"@type\":\"PropertyValueSpecification\",\"valueRequired\":true,\"valueName\":\"search_term_string\"}}],\"inLanguage\":\"it-IT\"},{\"@type\":\"Organization\",\"@id\":\"https:\/\/www.cirio1856.ch\/it\/#organization\",\"name\":\"Cirio 1856 Swiss\",\"url\":\"https:\/\/www.cirio1856.ch\/it\/\",\"logo\":{\"@type\":\"ImageObject\",\"inLanguage\":\"it-IT\",\"@id\":\"https:\/\/www.cirio1856.ch\/it\/#\/schema\/logo\/image\/\",\"url\":\"https:\/\/www.cirio1856.ch\/wp-content\/uploads\/2021\/05\/cirio-new-logo.jpg\",\"contentUrl\":\"https:\/\/www.cirio1856.ch\/wp-content\/uploads\/2021\/05\/cirio-new-logo.jpg\",\"width\":1000,\"height\":1000,\"caption\":\"Cirio 1856 Swiss\"},\"image\":{\"@id\":\"https:\/\/www.cirio1856.ch\/it\/#\/schema\/logo\/image\/\"}}]}<\/script>\n<!-- \/ Yoast SEO plugin. -->","yoast_head_json":{"title":"FOOD SERVICE - garanzia di eccellenza - Cirio 1856 Swiss","robots":{"index":"index","follow":"follow","max-snippet":"max-snippet:-1","max-image-preview":"max-image-preview:large","max-video-preview":"max-video-preview:-1"},"canonical":"https:\/\/www.cirio1856.ch\/it\/business\/food-service-garanzia-di-eccellenza\/","og_locale":"it_IT","og_type":"article","og_title":"FOOD SERVICE - garanzia di eccellenza - Cirio 1856 Swiss","og_description":"Cirio offre aux traiteurs professionnels une qualit\u00e9 sup\u00e9rieure et le m\u00eame niveau d'excellence qu'ils souhaitent fournir \u00e0 leurs clients. Cette excellence existe gr\u00e2ce \u00e0 plus de 14\u00a0000 agriculteurs italiens, qui consacrent leurs efforts et leur passion \u00e0 leur propre coop\u00e9rative, et gr\u00e2ce \u00e0 une exp\u00e9rience de plus de 165 ans dans cette industrie. QUALIT\u00c9 OPTIMALE [&hellip;]","og_url":"https:\/\/www.cirio1856.ch\/it\/business\/food-service-garanzia-di-eccellenza\/","og_site_name":"Cirio 1856 Swiss","article_modified_time":"2022-06-07T09:10:44+00:00","og_image":[{"url":"https:\/\/www.cirio1856.ch\/wp-content\/uploads\/2021\/04\/cirio-from-seed-to-fork.png","type":"","width":"","height":""}],"twitter_card":"summary_large_image","twitter_misc":{"Tempo di lettura stimato":"1 minuto"},"schema":{"@context":"https:\/\/schema.org","@graph":[{"@type":"WebPage","@id":"https:\/\/www.cirio1856.ch\/it\/business\/food-service-garanzia-di-eccellenza\/","url":"https:\/\/www.cirio1856.ch\/it\/business\/food-service-garanzia-di-eccellenza\/","name":"FOOD SERVICE - garanzia di eccellenza - Cirio 1856 Swiss","isPartOf":{"@id":"https:\/\/www.cirio1856.ch\/it\/#website"},"primaryImageOfPage":{"@id":"https:\/\/www.cirio1856.ch\/it\/business\/food-service-garanzia-di-eccellenza\/#primaryimage"},"image":{"@id":"https:\/\/www.cirio1856.ch\/it\/business\/food-service-garanzia-di-eccellenza\/#primaryimage"},"thumbnailUrl":"https:\/\/www.cirio1856.ch\/wp-content\/uploads\/2021\/04\/cirio-from-seed-to-fork.png","datePublished":"2021-02-10T14:14:37+00:00","dateModified":"2022-06-07T09:10:44+00:00","breadcrumb":{"@id":"https:\/\/www.cirio1856.ch\/it\/business\/food-service-garanzia-di-eccellenza\/#breadcrumb"},"inLanguage":"it-IT","potentialAction":[{"@type":"ReadAction","target":["https:\/\/www.cirio1856.ch\/it\/business\/food-service-garanzia-di-eccellenza\/"]}]},{"@type":"ImageObject","inLanguage":"it-IT","@id":"https:\/\/www.cirio1856.ch\/it\/business\/food-service-garanzia-di-eccellenza\/#primaryimage","url":"https:\/\/www.cirio1856.ch\/wp-content\/uploads\/2021\/04\/cirio-from-seed-to-fork.png","contentUrl":"https:\/\/www.cirio1856.ch\/wp-content\/uploads\/2021\/04\/cirio-from-seed-to-fork.png"},{"@type":"BreadcrumbList","@id":"https:\/\/www.cirio1856.ch\/it\/business\/food-service-garanzia-di-eccellenza\/#breadcrumb","itemListElement":[{"@type":"ListItem","position":1,"name":"Cirio 1856","item":"https:\/\/www.cirio1856.ch\/it\/home\/"},{"@type":"ListItem","position":2,"name":"Business","item":"https:\/\/www.cirio1856.ch\/it\/business\/"},{"@type":"ListItem","position":3,"name":"FOOD SERVICE - garanzia di eccellenza"}]},{"@type":"WebSite","@id":"https:\/\/www.cirio1856.ch\/it\/#website","url":"https:\/\/www.cirio1856.ch\/it\/","name":"Cirio 1856 Swiss","description":"Cirio 1856  Swiss official website","publisher":{"@id":"https:\/\/www.cirio1856.ch\/it\/#organization"},"potentialAction":[{"@type":"SearchAction","target":{"@type":"EntryPoint","urlTemplate":"https:\/\/www.cirio1856.ch\/it\/?s={search_term_string}"},"query-input":{"@type":"PropertyValueSpecification","valueRequired":true,"valueName":"search_term_string"}}],"inLanguage":"it-IT"},{"@type":"Organization","@id":"https:\/\/www.cirio1856.ch\/it\/#organization","name":"Cirio 1856 Swiss","url":"https:\/\/www.cirio1856.ch\/it\/","logo":{"@type":"ImageObject","inLanguage":"it-IT","@id":"https:\/\/www.cirio1856.ch\/it\/#\/schema\/logo\/image\/","url":"https:\/\/www.cirio1856.ch\/wp-content\/uploads\/2021\/05\/cirio-new-logo.jpg","contentUrl":"https:\/\/www.cirio1856.ch\/wp-content\/uploads\/2021\/05\/cirio-new-logo.jpg","width":1000,"height":1000,"caption":"Cirio 1856 Swiss"},"image":{"@id":"https:\/\/www.cirio1856.ch\/it\/#\/schema\/logo\/image\/"}}]}},"_links":{"self":[{"href":"https:\/\/www.cirio1856.ch\/it\/wp-json\/wp\/v2\/pages\/6121","targetHints":{"allow":["GET"]}}],"collection":[{"href":"https:\/\/www.cirio1856.ch\/it\/wp-json\/wp\/v2\/pages"}],"about":[{"href":"https:\/\/www.cirio1856.ch\/it\/wp-json\/wp\/v2\/types\/page"}],"author":[{"embeddable":true,"href":"https:\/\/www.cirio1856.ch\/it\/wp-json\/wp\/v2\/users\/1"}],"replies":[{"embeddable":true,"href":"https:\/\/www.cirio1856.ch\/it\/wp-json\/wp\/v2\/comments?post=6121"}],"version-history":[{"count":1,"href":"https:\/\/www.cirio1856.ch\/it\/wp-json\/wp\/v2\/pages\/6121\/revisions"}],"predecessor-version":[{"id":6122,"href":"https:\/\/www.cirio1856.ch\/it\/wp-json\/wp\/v2\/pages\/6121\/revisions\/6122"}],"up":[{"embeddable":true,"href":"https:\/\/www.cirio1856.ch\/it\/wp-json\/wp\/v2\/pages\/6099"}],"wp:attachment":[{"href":"https:\/\/www.cirio1856.ch\/it\/wp-json\/wp\/v2\/media?parent=6121"}],"curies":[{"name":"wp","href":"https:\/\/api.w.org\/{rel}","templated":true}]}}